{"id":23,"date":"2024-02-05T18:45:53","date_gmt":"2024-02-05T18:45:53","guid":{"rendered":"https:\/\/reypapa.com\/?page_id=23"},"modified":"2024-02-07T19:16:59","modified_gmt":"2024-02-07T19:16:59","slug":"inicio","status":"publish","type":"page","link":"https:\/\/reypapa.com\/","title":{"rendered":"Inicio"},"content":{"rendered":"<div class=\"wpb-content-wrapper\"><p>[vc_row type=&#8221;full-nopad&#8221;][vc_column offset=&#8221;vc_hidden-sm vc_hidden-xs&#8221;][vc_column_text]<img loading=\"lazy\" decoding=\"async\" class=\"alignnone size-full wp-image-103\" src=\"https:\/\/reypapa.com\/wp-content\/uploads\/2024\/02\/reypapa-4.jpg\" alt=\"\" width=\"1920\" height=\"536\" srcset=\"https:\/\/reypapa.com\/wp-content\/uploads\/2024\/02\/reypapa-4.jpg 1920w, https:\/\/reypapa.com\/wp-content\/uploads\/2024\/02\/reypapa-4-300x84.jpg 300w, https:\/\/reypapa.com\/wp-content\/uploads\/2024\/02\/reypapa-4-1024x286.jpg 1024w, https:\/\/reypapa.com\/wp-content\/uploads\/2024\/02\/reypapa-4-768x214.jpg 768w, https:\/\/reypapa.com\/wp-content\/uploads\/2024\/02\/reypapa-4-1536x429.jpg 1536w, https:\/\/reypapa.com\/wp-content\/uploads\/2024\/02\/reypapa-4-350x98.jpg 350w, https:\/\/reypapa.com\/wp-content\/uploads\/2024\/02\/reypapa-4-680x190.jpg 680w\" sizes=\"auto, (max-width: 1920px) 100vw, 1920px\" \/>[\/vc_column_text][vc_empty_space height=&#8221;45px&#8221;][\/vc_column][\/vc_row][vc_row type=&#8221;full-nopad&#8221;][vc_column offset=&#8221;vc_hidden-lg vc_hidden-md&#8221;][vc_column_text]<img loading=\"lazy\" decoding=\"async\" class=\"alignnone size-full wp-image-142\" src=\"https:\/\/reypapa.com\/wp-content\/uploads\/2024\/02\/rey_papas-1.jpg\" alt=\"\" width=\"1080\" height=\"427\" srcset=\"https:\/\/reypapa.com\/wp-content\/uploads\/2024\/02\/rey_papas-1.jpg 1080w, https:\/\/reypapa.com\/wp-content\/uploads\/2024\/02\/rey_papas-1-300x119.jpg 300w, https:\/\/reypapa.com\/wp-content\/uploads\/2024\/02\/rey_papas-1-1024x405.jpg 1024w, https:\/\/reypapa.com\/wp-content\/uploads\/2024\/02\/rey_papas-1-768x304.jpg 768w\" sizes=\"auto, (max-width: 1080px) 100vw, 1080px\" \/>[\/vc_column_text][vc_empty_space height=&#8221;45px&#8221;][\/vc_column][\/vc_row][vc_row][vc_column][vc_empty_space height=&#8221;45px&#8221;][vc_column_text]<\/p>\n<h1 style=\"text-align: center;\">La mejor Papa de Nuestro<br \/>\nCampo a Tu Negocio<\/h1>\n<p>[\/vc_column_text][vc_empty_space height=&#8221;20px&#8221;][vc_column_text]<\/p>\n<h2 style=\"text-align: center;\">Somos una familia de <strong>profesionales del campo<br \/>\n<\/strong><strong>comprometidos con brindarte lo mejor.<\/strong><\/h2>\n<p>[\/vc_column_text][vc_empty_space height=&#8221;45px&#8221;][\/vc_column][\/vc_row][vc_row max_width=&#8221;1700&#8243;][vc_column width=&#8221;1\/4&#8243;][\/vc_column][vc_column width=&#8221;1\/2&#8243;][vc_empty_space height=&#8221;45px&#8221;][vc_column_text]<\/p>\n<p style=\"text-align: center;\">En Rey Papa, llevamos m\u00e1s de <strong>50 a\u00f1os cultivando y desarrollando la calidad<\/strong> de cada papa que cosechamos. Somos una familia de <strong>profesionales del campo comprometidos con brindarte lo mejor<\/strong>, directamente desde nuestro campo a tu negocio.<\/p>\n<p>[\/vc_column_text][vc_empty_space height=&#8221;45px&#8221;][vc_column_text]<img loading=\"lazy\" decoding=\"async\" class=\"size-full wp-image-120 aligncenter\" src=\"https:\/\/reypapa.com\/wp-content\/uploads\/2024\/02\/rey-papa-venta-de-papa-desde-pergamino-buenos-aires-2.jpg\" alt=\"\" width=\"494\" height=\"532\" srcset=\"https:\/\/reypapa.com\/wp-content\/uploads\/2024\/02\/rey-papa-venta-de-papa-desde-pergamino-buenos-aires-2.jpg 494w, https:\/\/reypapa.com\/wp-content\/uploads\/2024\/02\/rey-papa-venta-de-papa-desde-pergamino-buenos-aires-2-279x300.jpg 279w, https:\/\/reypapa.com\/wp-content\/uploads\/2024\/02\/rey-papa-venta-de-papa-desde-pergamino-buenos-aires-2-350x377.jpg 350w\" sizes=\"auto, (max-width: 494px) 100vw, 494px\" \/>[\/vc_column_text][vc_empty_space height=&#8221;45px&#8221;][\/vc_column][vc_column width=&#8221;1\/4&#8243;][\/vc_column][\/vc_row][vc_row max_width=&#8221;1700&#8243;][vc_column width=&#8221;1\/2&#8243;][vc_empty_space height=&#8221;45px&#8221;][vc_column_text]<\/p>\n<h1 style=\"text-align: left;\">\u00bfPor qu\u00e9 elegirnos<br \/>\ntu proveedor de papas?<\/h1>\n<p>[\/vc_column_text][vc_empty_space height=&#8221;45px&#8221;][vc_empty_space height=&#8221;45px&#8221;][vc_column_text]<\/p>\n<h2><strong>Menos costo de Flete:<\/strong><\/h2>\n<p>[\/vc_column_text][vc_empty_space height=&#8221;12px&#8221;][vc_separator accent_color=&#8221;#f18700&#8243;][vc_empty_space height=&#8221;12px&#8221;][vc_column_text]Estamos justo a la vuelta de la esquina. Eliminamos largos trayectos y costosos fletes para ofrecerte nuestras papas frescas sin intermediarios. \u00a1Ahorra en transporte y disfruta de la frescura![\/vc_column_text][vc_empty_space height=&#8221;45px&#8221;][vc_column_text]<\/p>\n<h2><strong>Mejor Precio:<\/strong><\/h2>\n<p>[\/vc_column_text][vc_empty_space height=&#8221;12px&#8221;][vc_separator accent_color=&#8221;#f18700&#8243;][vc_empty_space height=&#8221;12px&#8221;][vc_column_text]Nuestro compromiso es con vos y con tu negocio. Al trabajar de manera directa, reducimos gastos de transporte y log\u00edstica, brind\u00e1ndote precios competitivos sin sacrificar la calidad.[\/vc_column_text][vc_empty_space height=&#8221;45px&#8221;][vc_column_text]<\/p>\n<h2><strong>Compra Directa:<\/strong><\/h2>\n<p>[\/vc_column_text][vc_empty_space height=&#8221;12px&#8221;][vc_separator accent_color=&#8221;#f18700&#8243;][vc_empty_space height=&#8221;12px&#8221;][vc_column_text]Al trabajar juntos, establecemos una relaci\u00f3n de confianza y cercan\u00eda que se traduce en un servicio personalizado y adaptado a tus necesidades.[\/vc_column_text][vc_empty_space height=&#8221;45px&#8221;][vc_empty_space height=&#8221;45px&#8221;][\/vc_column][vc_column width=&#8221;1\/2&#8243;][vc_empty_space height=&#8221;45px&#8221;][vc_column_text]<img loading=\"lazy\" decoding=\"async\" class=\" wp-image-112 aligncenter\" src=\"https:\/\/reypapa.com\/wp-content\/uploads\/2024\/02\/venta-de-papa-desde-pergamino-buenos-aires-2.jpg\" alt=\"\" width=\"560\" height=\"670\" srcset=\"https:\/\/reypapa.com\/wp-content\/uploads\/2024\/02\/venta-de-papa-desde-pergamino-buenos-aires-2.jpg 648w, https:\/\/reypapa.com\/wp-content\/uploads\/2024\/02\/venta-de-papa-desde-pergamino-buenos-aires-2-251x300.jpg 251w, https:\/\/reypapa.com\/wp-content\/uploads\/2024\/02\/venta-de-papa-desde-pergamino-buenos-aires-2-350x419.jpg 350w\" sizes=\"auto, (max-width: 560px) 100vw, 560px\" \/>[\/vc_column_text][vc_empty_space height=&#8221;45px&#8221;][\/vc_column][\/vc_row][vc_row][vc_column][vc_empty_space height=&#8221;45px&#8221;][vc_column_text]<\/p>\n<h1 style=\"text-align: center;\"><strong>M\u00e1s de 50 a\u00f1os cultivando y cosechando <\/strong>papa.<\/h1>\n<p>[\/vc_column_text][vc_empty_space height=&#8221;45px&#8221;][\/vc_column][\/vc_row][vc_row][vc_column][vc_empty_space height=&#8221;45px&#8221;][vc_separator accent_color=&#8221;#d1b303&#8243;][vc_empty_space height=&#8221;45px&#8221;][\/vc_column][\/vc_row][vc_row max_width=&#8221;1700&#8243;][vc_column width=&#8221;1\/2&#8243;][vc_empty_space height=&#8221;45px&#8221;][vc_column_text]<img loading=\"lazy\" decoding=\"async\" class=\"size-full wp-image-128 aligncenter\" src=\"https:\/\/reypapa.com\/wp-content\/uploads\/2024\/02\/rey-papa-venta-de-papa-desde-pergamino-buenos-aires-papas-en-bolsa-para-verdulerias.jpg\" alt=\"\" width=\"494\" height=\"532\" srcset=\"https:\/\/reypapa.com\/wp-content\/uploads\/2024\/02\/rey-papa-venta-de-papa-desde-pergamino-buenos-aires-papas-en-bolsa-para-verdulerias.jpg 494w, https:\/\/reypapa.com\/wp-content\/uploads\/2024\/02\/rey-papa-venta-de-papa-desde-pergamino-buenos-aires-papas-en-bolsa-para-verdulerias-279x300.jpg 279w, https:\/\/reypapa.com\/wp-content\/uploads\/2024\/02\/rey-papa-venta-de-papa-desde-pergamino-buenos-aires-papas-en-bolsa-para-verdulerias-350x377.jpg 350w\" sizes=\"auto, (max-width: 494px) 100vw, 494px\" \/>[\/vc_column_text][vc_empty_space height=&#8221;45px&#8221;][\/vc_column][vc_column width=&#8221;1\/2&#8243;][vc_empty_space height=&#8221;45px&#8221;][vc_column_text]<\/p>\n<h1>La mejor papa del mercado<\/h1>\n<p>[\/vc_column_text][vc_empty_space height=&#8221;45px&#8221;][vc_column_text]<\/p>\n<h2><strong>Disponibilidad de grandes cantidades de papas<\/strong><\/h2>\n<p>[\/vc_column_text][vc_empty_space height=&#8221;12px&#8221;][vc_separator accent_color=&#8221;#f18700&#8243;][vc_empty_space height=&#8221;12px&#8221;][vc_column_text]Desde las cl\u00e1sicas hasta las m\u00e1s especiales, nuestras papas provienen directamente de nuestros campos locales. Saborea la frescura y calidad que solo la cercan\u00eda puede ofrecer.[\/vc_column_text][vc_empty_space height=&#8221;45px&#8221;][vc_column_text]<\/p>\n<h2><strong>Venta Mayorista de Papas<\/strong><\/h2>\n<p>[\/vc_column_text][vc_empty_space height=&#8221;12px&#8221;][vc_separator accent_color=&#8221;#f18700&#8243;][vc_empty_space height=&#8221;12px&#8221;][vc_column_text]Cantidad y precios mayoristas, que junto al ahorro en fletes te permite brindar precios competitivos en tu verduler\u00eda.[\/vc_column_text][vc_empty_space height=&#8221;45px&#8221;][vc_column_text]<\/p>\n<h2><strong>Disponibilidad Constante<\/strong><\/h2>\n<p>[\/vc_column_text][vc_empty_space height=&#8221;12px&#8221;][vc_separator accent_color=&#8221;#f18700&#8243;][vc_empty_space height=&#8221;12px&#8221;][vc_column_text]<strong>Disponibilidad Constante:<\/strong> Gracias a nuestra ubicaci\u00f3n estrat\u00e9gica y eficiente log\u00edstica, podemos asegurarte un suministro constante durante todo el a\u00f1o, sin importar la temporada.[\/vc_column_text][vc_empty_space height=&#8221;45px&#8221;][\/vc_column][\/vc_row][vc_row][vc_column width=&#8221;1\/4&#8243;][\/vc_column][vc_column width=&#8221;1\/2&#8243;][vc_empty_space height=&#8221;45px&#8221;][vc_empty_space height=&#8221;45px&#8221;][vc_column_text]<\/p>\n<h2 style=\"text-align: center;\">\u00a1Con Rey Papa descubr\u00ed c\u00f3mo la cercan\u00eda<br \/>\npuede marcar la diferencia en tu negocio!<\/h2>\n<p>[\/vc_column_text][vc_empty_space height=&#8221;45px&#8221;][\/vc_column][vc_column width=&#8221;1\/4&#8243;][\/vc_column][\/vc_row][vc_row type=&#8221;full-nopad&#8221; css=&#8221;.vc_custom_1707318998356{background-color: #f28900 !important;}&#8221;][vc_column width=&#8221;1\/4&#8243;][\/vc_column][vc_column width=&#8221;1\/2&#8243; css=&#8221;.vc_custom_1707330754397{padding-right: 50px !important;padding-left: 50px !important;}&#8221;][vc_empty_space height=&#8221;45px&#8221;]\n<div class=\"wpcf7 no-js\" id=\"wpcf7-f9-o1\" lang=\"en-US\" dir=\"ltr\" data-wpcf7-id=\"9\">\n<div class=\"screen-reader-response\"><p role=\"status\" aria-live=\"polite\" aria-atomic=\"true\"><\/p> <ul><\/ul><\/div>\n<form action=\"\/index.php\/wp-json\/wp\/v2\/pages\/23#wpcf7-f9-o1\" method=\"post\" class=\"wpcf7-form init\" aria-label=\"Contact form\" novalidate=\"novalidate\" data-status=\"init\">\n<fieldset class=\"hidden-fields-container\"><input type=\"hidden\" name=\"_wpcf7\" value=\"9\" \/><input type=\"hidden\" name=\"_wpcf7_version\" value=\"6.1.5\" \/><input type=\"hidden\" name=\"_wpcf7_locale\" value=\"en_US\" \/><input type=\"hidden\" name=\"_wpcf7_unit_tag\" value=\"wpcf7-f9-o1\" \/><input type=\"hidden\" name=\"_wpcf7_container_post\" value=\"0\" \/><input type=\"hidden\" name=\"_wpcf7_posted_data_hash\" value=\"\" \/>\n<\/fieldset>\n<p><label> Nombre<br \/>\n<span class=\"wpcf7-form-control-wrap\" data-name=\"your-name\"><input size=\"40\" maxlength=\"400\" class=\"wpcf7-form-control wpcf7-text wpcf7-validates-as-required\" autocomplete=\"name\" aria-required=\"true\" aria-invalid=\"false\" value=\"\" type=\"text\" name=\"your-name\" \/><\/span> <\/label>\n<\/p>\n<p><label> Email<br \/>\n<span class=\"wpcf7-form-control-wrap\" data-name=\"your-email\"><input size=\"40\" maxlength=\"400\" class=\"wpcf7-form-control wpcf7-email wpcf7-validates-as-required wpcf7-text wpcf7-validates-as-email\" autocomplete=\"email\" aria-required=\"true\" aria-invalid=\"false\" value=\"\" type=\"email\" name=\"your-email\" \/><\/span> <\/label>\n<\/p>\n<p><label> Asunto<br \/>\n<span class=\"wpcf7-form-control-wrap\" data-name=\"your-subject\"><input size=\"40\" maxlength=\"400\" class=\"wpcf7-form-control wpcf7-text wpcf7-validates-as-required\" aria-required=\"true\" aria-invalid=\"false\" value=\"\" type=\"text\" name=\"your-subject\" \/><\/span> <\/label>\n<\/p>\n<p><label> Mensaje<br \/>\n<span class=\"wpcf7-form-control-wrap\" data-name=\"your-message\"><textarea cols=\"40\" rows=\"10\" maxlength=\"2000\" class=\"wpcf7-form-control wpcf7-textarea\" aria-invalid=\"false\" name=\"your-message\"><\/textarea><\/span> <\/label>\n<\/p>\n<p><input class=\"wpcf7-form-control wpcf7-submit has-spinner\" type=\"submit\" value=\"Enviar\" \/>\n<\/p><div class=\"wpcf7-response-output\" aria-hidden=\"true\"><\/div>\n<\/form>\n<\/div>\n[vc_empty_space height=&#8221;45px&#8221;][vc_empty_space height=&#8221;45px&#8221;][\/vc_column][vc_column width=&#8221;1\/4&#8243;][\/vc_column][\/vc_row]<\/p>\n<\/div>","protected":false},"excerpt":{"rendered":"<p>[vc_row type=&#8221;full-nopad&#8221;][vc_column offset=&#8221;vc_hidden-sm vc_hidden-xs&#8221;][vc_column_text][\/vc_column_text][vc_empty_space height=&#8221;45px&#8221;][\/vc_column][\/vc_row][vc_row type=&#8221;full-nopad&#8221;][vc_column offset=&#8221;vc_hidden-lg vc_hidden-md&#8221;][vc_column_text][\/vc_column_text][vc_empty_space height=&#8221;45px&#8221;][\/vc_column][\/vc_row][vc_row][vc_column][vc_empty_space height=&#8221;45px&#8221;][vc_column_text] La mejor Papa de Nuestro Campo a Tu Negocio [\/vc_column_text][vc_empty_space height=&#8221;20px&#8221;][vc_column_text] Somos una familia de profesionales del campo comprometidos con brindarte lo mejor. [\/vc_column_text][vc_empty_space height=&#8221;45px&#8221;][\/vc_column][\/vc_row][vc_row max_width=&#8221;1700&#8243;][vc_column width=&#8221;1\/4&#8243;][\/vc_column][vc_column width=&#8221;1\/2&#8243;][vc_empty_space height=&#8221;45px&#8221;][vc_column_text] En Rey Papa, llevamos m\u00e1s de 50 a\u00f1os cultivando y desarrollando la calidad de cada papa &hellip;<\/p>\n","protected":false},"author":2,"featured_media":0,"parent":0,"menu_order":0,"comment_status":"closed","ping_status":"closed","template":"templates\/page-full.php","meta":{"footnotes":""},"class_list":["post-23","page","type-page","status-publish","hentry"],"_links":{"self":[{"href":"https:\/\/reypapa.com\/index.php\/wp-json\/wp\/v2\/pages\/23","targetHints":{"allow":["GET"]}}],"collection":[{"href":"https:\/\/reypapa.com\/index.php\/wp-json\/wp\/v2\/pages"}],"about":[{"href":"https:\/\/reypapa.com\/index.php\/wp-json\/wp\/v2\/types\/page"}],"author":[{"embeddable":true,"href":"https:\/\/reypapa.com\/index.php\/wp-json\/wp\/v2\/users\/2"}],"replies":[{"embeddable":true,"href":"https:\/\/reypapa.com\/index.php\/wp-json\/wp\/v2\/comments?post=23"}],"version-history":[{"count":89,"href":"https:\/\/reypapa.com\/index.php\/wp-json\/wp\/v2\/pages\/23\/revisions"}],"predecessor-version":[{"id":143,"href":"https:\/\/reypapa.com\/index.php\/wp-json\/wp\/v2\/pages\/23\/revisions\/143"}],"wp:attachment":[{"href":"https:\/\/reypapa.com\/index.php\/wp-json\/wp\/v2\/media?parent=23"}],"curies":[{"name":"wp","href":"https:\/\/api.w.org\/{rel}","templated":true}]}}